{"id":1391,"date":"2017-03-06T14:44:11","date_gmt":"2017-03-06T12:44:11","guid":{"rendered":"https:\/\/pati.cowowo.website\/actualidad\/"},"modified":"2025-04-10T11:48:50","modified_gmt":"2025-04-10T09:48:50","slug":"origenes","status":"publish","type":"page","link":"https:\/\/patidellibres.com\/es\/origenes\/","title":{"rendered":"Origenes"},"content":{"rendered":"<div class=\"wpb-content-wrapper\"><p>[vc_row full_width=\u00bbstretch_row\u00bb css=\u00bb.vc_custom_1743069975064{background-image: url(https:\/\/patidellibres.com\/wp-content\/uploads\/2025\/03\/patron_flores_pared_small.jpg?id=1208) !important;background-position: center !important;background-repeat: no-repeat !important;background-size: cover !important;}\u00bb el_class=\u00bbcww_hero_banner\u00bb][vc_column css=\u00bb.vc_custom_1489155947010{margin: 0px !important;padding: 0px !important;}\u00bb][vc_custom_heading source=\u00bbpost_title\u00bb font_container=\u00bbtag:h1|font_size:120px|text_align:left|color:%23FFFFFF\u00bb use_theme_fonts=\u00bbyes\u00bb css=\u00bb\u00bb][vc_empty_space height=\u00bb100px\u00bb][\/vc_column][\/vc_row][vc_row css=\u00bb.vc_custom_1488812350563{padding-top: 19px !important;padding-bottom: 53px !important;}\u00bb][vc_column width=\u00bb1\/3&#8243;][vc_single_image image=\u00bb1289&#8243; img_size=\u00bb200&#215;200&#8243; alignment=\u00bbcenter\u00bb style=\u00bbvc_box_rounded\u00bb css=\u00bb\u00bb][vc_custom_heading text=\u00bbPatio de libros\u00bb font_container=\u00bbtag:h2|font_size:30px|text_align:center|color:%23757579|line_height:30px\u00bb use_theme_fonts=\u00bbyes\u00bb css=\u00bb\u00bb el_class=\u00bbgt3_bold\u00bb][vc_custom_heading text=\u00bbNuevo espacio. Misma pasi\u00f3n por la lectura.\u00bb font_container=\u00bbtag:p|font_size:24px|text_align:center|color:%23000000|line_height:30px\u00bb use_theme_fonts=\u00bbyes\u00bb css=\u00bb\u00bb][\/vc_column][vc_column width=\u00bb1\/3&#8243;][vc_custom_heading text=\u00bbOrigenes\u00bb font_container=\u00bbtag:h2|text_align:left|color:%23757579&#8243; use_theme_fonts=\u00bbyes\u00bb css=\u00bb\u00bb][vc_column_text css=\u00bb.vc_custom_1743076287830{margin-top: -5px !important;margin-bottom: 22px !important;}\u00bb]Pati de llibres naci\u00f3 en abril del 2008 de la mano de Diana Ribas y Sonia G\u00f3mez en Sant Cugat, en la calle Xerric. Su voluntad era crear un espacio c\u00e1lido y acogedor dedicado a la lectura infantil y juvenil, donde los peque\u00f1os y j\u00f3venes lectores se encontraran a sus anchas y pudieran explorar los libros a su ritmo.<\/p>\n<p>En 2017, la librer\u00eda pas\u00f3 a manos de \u00c0lex Soria y Mont Soler, dos grandes conocedoras y colaboradoras del proyecto, que dieron continuidad a su esencia.[\/vc_column_text][\/vc_column][vc_column width=\u00bb1\/3&#8243; css=\u00bb.vc_custom_1742994010274{margin-top: 20px !important;}\u00bb][vc_column_text css=\u00bb.vc_custom_1743076295253{margin-top: -5px !important;}\u00bb]En junio del 2024, Pati de llibres inici\u00f3 una nueva etapa en un nuevo espacio. Desde el 3 de junio, nos encontrar\u00e1 en la calle Sant Ramon. Hemos cambiado el patio por el latido de una plaza, en un local m\u00e1s amplio y luminoso, con una renovada est\u00e9tica. Ya no tenemos el naranjo del patio, pero ahora disfrutamos de una plaza llena de \u00e1rboles, p\u00e1jaros y el encanto de la cafeter\u00eda Mosch al lado.<\/p>\n<p>Con este cambio, Mont contin\u00faa liderando el proyecto, mientras que \u00c0lex ha emprendido un nuevo camino.[\/vc_column_text][\/vc_column][\/vc_row][vc_row css=\u00bb.vc_custom_1488812557747{margin-bottom: 0px !important;}\u00bb][vc_column][vc_row_inner][vc_column_inner][vc_empty_space height=\u00bb64px\u00bb][vc_custom_heading text=\u00bbBienvenidos\u00bb font_container=\u00bbtag:h6|text_align:center|color:%23757579&#8243; use_theme_fonts=\u00bbyes\u00bb css_animation=\u00bbnone\u00bb css=\u00bb.vc_custom_1743076319422{margin-top: 0px !important;margin-right: 0px !important;margin-bottom: 0px !important;margin-left: 0px !important;padding-top: 0px !important;padding-right: 0px !important;padding-bottom: 0px !important;padding-left: 0px !important;}\u00bb][\/vc_column_inner][\/vc_row_inner][vc_empty_space][vc_custom_heading text=\u00bbBienvenidos a la nueva etapa de Pati de llibres: nos encontrar\u00e1 en un espacio m\u00e1s amplio y luminoso en el coraz\u00f3n de Sant Cugat, junto a una plaza viva y llena de \u00e1rboles, donde seguimos haciendo latir nuestra pasi\u00f3n por la lectura y poni\u00e9ndote al alcance historias que te har\u00e1n volar la imaginaci\u00f3n.\u00bb font_container=\u00bbtag:div|font_size:30px|text_align:center|color:%23000000|line_height:48px\u00bb use_theme_fonts=\u00bbyes\u00bb css=\u00bb.vc_custom_1743076351366{padding-bottom: 21px !important;}\u00bb][vc_single_image image=\u00bb1291&#8243; img_size=\u00bbfull\u00bb alignment=\u00bbcenter\u00bb css=\u00bb.vc_custom_1743076468388{margin-bottom: 0px !important;}\u00bb][\/vc_column][\/vc_row]<\/p>\n<\/div>","protected":false},"excerpt":{"rendered":"<p>[vc_row full_width=\u00bbstretch_row\u00bb css=\u00bb.vc_custom_1743069975064{background-image: url(https:\/\/patidellibres.com\/wp-content\/uploads\/2025\/03\/patron_flores_pared_small.jpg?id=1208) !important;background-position: center !important;background-repeat: no-repeat !important;background-size: cover !important;}\u00bb el_class=\u00bbcww_hero_banner\u00bb][vc_column css=\u00bb.vc_custom_1489155947010{margin: 0px !important;padding: 0px !important;}\u00bb][vc_custom_heading source=\u00bbpost_title\u00bb font_container=\u00bbtag:h1|font_size:120px|text_align:left|color:%23FFFFFF\u00bb use_theme_fonts=\u00bbyes\u00bb css=\u00bb\u00bb][vc_empty_space height=\u00bb100px\u00bb][\/vc_column][\/vc_row][vc_row css=\u00bb.vc_custom_1488812350563{padding-top: 19px !important;padding-bottom: 53px !important;}\u00bb][vc_column width=\u00bb1\/3&#8243;][vc_single_image image=\u00bb1289&#8243; img_size=\u00bb200&#215;200&#8243; [&hellip;]<\/p>\n","protected":false},"author":1,"featured_media":0,"parent":0,"menu_order":0,"comment_status":"closed","ping_status":"closed","template":"","meta":{"footnotes":""},"class_list":["post-1391","page","type-page","status-publish","hentry"],"yoast_head":"<!-- This site is optimized with the Yoast SEO plugin v25.3.1 - https:\/\/yoast.com\/wordpress\/plugins\/seo\/ -->\n<title>Origenes - Pati de Llibres<\/title>\n<meta name=\"robots\" content=\"index, follow, max-snippet:-1, max-image-preview:large, max-video-preview:-1\" \/>\n<link rel=\"canonical\" href=\"https:\/\/patidellibres.com\/es\/origenes\/\" \/>\n<meta property=\"og:locale\" content=\"es_ES\" \/>\n<meta property=\"og:type\" content=\"article\" \/>\n<meta property=\"og:title\" content=\"Origenes - Pati de Llibres\" \/>\n<meta property=\"og:description\" content=\"[vc_row full_width=\u00bbstretch_row\u00bb css=\u00bb.vc_custom_1743069975064{background-image: url(https:\/\/patidellibres.com\/wp-content\/uploads\/2025\/03\/patron_flores_pared_small.jpg?id=1208) !important;background-position: center !important;background-repeat: no-repeat !important;background-size: cover !important;}\u00bb el_class=\u00bbcww_hero_banner\u00bb][vc_column css=\u00bb.vc_custom_1489155947010{margin: 0px !important;padding: 0px !important;}\u00bb][vc_custom_heading source=\u00bbpost_title\u00bb font_container=\u00bbtag:h1|font_size:120px|text_align:left|color:%23FFFFFF\u00bb use_theme_fonts=\u00bbyes\u00bb css=\u00bb\u00bb][vc_empty_space height=\u00bb100px\u00bb][\/vc_column][\/vc_row][vc_row css=\u00bb.vc_custom_1488812350563{padding-top: 19px !important;padding-bottom: 53px !important;}\u00bb][vc_column width=\u00bb1\/3&#8243;][vc_single_image image=\u00bb1289&#8243; img_size=\u00bb200&#215;200&#8243; [&hellip;]\" \/>\n<meta property=\"og:url\" content=\"https:\/\/patidellibres.com\/es\/origenes\/\" \/>\n<meta property=\"og:site_name\" content=\"Pati de Llibres\" \/>\n<meta property=\"article:modified_time\" content=\"2025-04-10T09:48:50+00:00\" \/>\n<meta name=\"twitter:card\" content=\"summary_large_image\" \/>\n<meta name=\"twitter:label1\" content=\"Tiempo de lectura\" \/>\n\t<meta name=\"twitter:data1\" content=\"3 minutos\" \/>\n<script type=\"application\/ld+json\" class=\"yoast-schema-graph\">{\"@context\":\"https:\/\/schema.org\",\"@graph\":[{\"@type\":\"WebPage\",\"@id\":\"https:\/\/patidellibres.com\/es\/origenes\/\",\"url\":\"https:\/\/patidellibres.com\/es\/origenes\/\",\"name\":\"Origenes - Pati de Llibres\",\"isPartOf\":{\"@id\":\"https:\/\/patidellibres.com\/es\/#website\"},\"datePublished\":\"2017-03-06T12:44:11+00:00\",\"dateModified\":\"2025-04-10T09:48:50+00:00\",\"breadcrumb\":{\"@id\":\"https:\/\/patidellibres.com\/es\/origenes\/#breadcrumb\"},\"inLanguage\":\"es\",\"potentialAction\":[{\"@type\":\"ReadAction\",\"target\":[\"https:\/\/patidellibres.com\/es\/origenes\/\"]}]},{\"@type\":\"BreadcrumbList\",\"@id\":\"https:\/\/patidellibres.com\/es\/origenes\/#breadcrumb\",\"itemListElement\":[{\"@type\":\"ListItem\",\"position\":1,\"name\":\"Inici\",\"item\":\"https:\/\/patidellibres.com\/es\/\"},{\"@type\":\"ListItem\",\"position\":2,\"name\":\"Origenes\"}]},{\"@type\":\"WebSite\",\"@id\":\"https:\/\/patidellibres.com\/es\/#website\",\"url\":\"https:\/\/patidellibres.com\/es\/\",\"name\":\"Pati de Llibres\",\"description\":\"\",\"potentialAction\":[{\"@type\":\"SearchAction\",\"target\":{\"@type\":\"EntryPoint\",\"urlTemplate\":\"https:\/\/patidellibres.com\/es\/?s={search_term_string}\"},\"query-input\":{\"@type\":\"PropertyValueSpecification\",\"valueRequired\":true,\"valueName\":\"search_term_string\"}}],\"inLanguage\":\"es\"}]}<\/script>\n<!-- \/ Yoast SEO plugin. -->","yoast_head_json":{"title":"Origenes - Pati de Llibres","robots":{"index":"index","follow":"follow","max-snippet":"max-snippet:-1","max-image-preview":"max-image-preview:large","max-video-preview":"max-video-preview:-1"},"canonical":"https:\/\/patidellibres.com\/es\/origenes\/","og_locale":"es_ES","og_type":"article","og_title":"Origenes - Pati de Llibres","og_description":"[vc_row full_width=\u00bbstretch_row\u00bb css=\u00bb.vc_custom_1743069975064{background-image: url(https:\/\/patidellibres.com\/wp-content\/uploads\/2025\/03\/patron_flores_pared_small.jpg?id=1208) !important;background-position: center !important;background-repeat: no-repeat !important;background-size: cover !important;}\u00bb el_class=\u00bbcww_hero_banner\u00bb][vc_column css=\u00bb.vc_custom_1489155947010{margin: 0px !important;padding: 0px !important;}\u00bb][vc_custom_heading source=\u00bbpost_title\u00bb font_container=\u00bbtag:h1|font_size:120px|text_align:left|color:%23FFFFFF\u00bb use_theme_fonts=\u00bbyes\u00bb css=\u00bb\u00bb][vc_empty_space height=\u00bb100px\u00bb][\/vc_column][\/vc_row][vc_row css=\u00bb.vc_custom_1488812350563{padding-top: 19px !important;padding-bottom: 53px !important;}\u00bb][vc_column width=\u00bb1\/3&#8243;][vc_single_image image=\u00bb1289&#8243; img_size=\u00bb200&#215;200&#8243; [&hellip;]","og_url":"https:\/\/patidellibres.com\/es\/origenes\/","og_site_name":"Pati de Llibres","article_modified_time":"2025-04-10T09:48:50+00:00","twitter_card":"summary_large_image","twitter_misc":{"Tiempo de lectura":"3 minutos"},"schema":{"@context":"https:\/\/schema.org","@graph":[{"@type":"WebPage","@id":"https:\/\/patidellibres.com\/es\/origenes\/","url":"https:\/\/patidellibres.com\/es\/origenes\/","name":"Origenes - Pati de Llibres","isPartOf":{"@id":"https:\/\/patidellibres.com\/es\/#website"},"datePublished":"2017-03-06T12:44:11+00:00","dateModified":"2025-04-10T09:48:50+00:00","breadcrumb":{"@id":"https:\/\/patidellibres.com\/es\/origenes\/#breadcrumb"},"inLanguage":"es","potentialAction":[{"@type":"ReadAction","target":["https:\/\/patidellibres.com\/es\/origenes\/"]}]},{"@type":"BreadcrumbList","@id":"https:\/\/patidellibres.com\/es\/origenes\/#breadcrumb","itemListElement":[{"@type":"ListItem","position":1,"name":"Inici","item":"https:\/\/patidellibres.com\/es\/"},{"@type":"ListItem","position":2,"name":"Origenes"}]},{"@type":"WebSite","@id":"https:\/\/patidellibres.com\/es\/#website","url":"https:\/\/patidellibres.com\/es\/","name":"Pati de Llibres","description":"","potentialAction":[{"@type":"SearchAction","target":{"@type":"EntryPoint","urlTemplate":"https:\/\/patidellibres.com\/es\/?s={search_term_string}"},"query-input":{"@type":"PropertyValueSpecification","valueRequired":true,"valueName":"search_term_string"}}],"inLanguage":"es"}]}},"_links":{"self":[{"href":"https:\/\/patidellibres.com\/es\/wp-json\/wp\/v2\/pages\/1391","targetHints":{"allow":["GET"]}}],"collection":[{"href":"https:\/\/patidellibres.com\/es\/wp-json\/wp\/v2\/pages"}],"about":[{"href":"https:\/\/patidellibres.com\/es\/wp-json\/wp\/v2\/types\/page"}],"author":[{"embeddable":true,"href":"https:\/\/patidellibres.com\/es\/wp-json\/wp\/v2\/users\/1"}],"replies":[{"embeddable":true,"href":"https:\/\/patidellibres.com\/es\/wp-json\/wp\/v2\/comments?post=1391"}],"version-history":[{"count":5,"href":"https:\/\/patidellibres.com\/es\/wp-json\/wp\/v2\/pages\/1391\/revisions"}],"predecessor-version":[{"id":1432,"href":"https:\/\/patidellibres.com\/es\/wp-json\/wp\/v2\/pages\/1391\/revisions\/1432"}],"wp:attachment":[{"href":"https:\/\/patidellibres.com\/es\/wp-json\/wp\/v2\/media?parent=1391"}],"curies":[{"name":"wp","href":"https:\/\/api.w.org\/{rel}","templated":true}]}}